{"id":5,"date":"2021-01-13T15:22:45","date_gmt":"2021-01-13T13:22:45","guid":{"rendered":"https:\/\/172.16.78.101\/?page_id=5"},"modified":"2022-09-09T13:02:16","modified_gmt":"2022-09-09T10:02:16","slug":"luo-sivustosi-lohkoilla","status":"publish","type":"page","link":"https:\/\/nystromtrading.fi\/","title":{"rendered":"Nystr\u00f6m Trading Oy"},"content":{"rendered":"<div class=\"wp-block-image\">\n<figure class=\"aligncenter size-large is-resized\"><img loading=\"lazy\" decoding=\"async\" src=\"https:\/\/nystromtrading.datalatu.fi\/wp-content\/uploads\/2021\/02\/cropped-Toimisto-2-009smallres-e1613056778963-1024x138.jpg\" alt=\"\" class=\"wp-image-52\" width=\"1450\" height=\"195\" srcset=\"https:\/\/nystromtrading.fi\/wp-content\/uploads\/2021\/02\/cropped-Toimisto-2-009smallres-e1613056778963-1024x138.jpg 1024w, https:\/\/nystromtrading.fi\/wp-content\/uploads\/2021\/02\/cropped-Toimisto-2-009smallres-e1613056778963-300x41.jpg 300w, https:\/\/nystromtrading.fi\/wp-content\/uploads\/2021\/02\/cropped-Toimisto-2-009smallres-e1613056778963-768x104.jpg 768w, https:\/\/nystromtrading.fi\/wp-content\/uploads\/2021\/02\/cropped-Toimisto-2-009smallres-e1613056778963.jpg 1200w\" sizes=\"auto, (max-width: 1450px) 100vw, 1450px\" \/><\/figure>\n<\/div>\n\n\n<p><\/p>\n\n\n\n<div class=\"wp-block-columns alignwide are-vertically-aligned-top is-layout-flex wp-container-core-columns-is-layout-9d6595d7 wp-block-columns-is-layout-flex\">\n<div class=\"wp-block-column is-layout-flow wp-block-column-is-layout-flow\"><div class=\"wp-block-image is-style-default\">\n<figure class=\"aligncenter size-large is-resized\"><img loading=\"lazy\" decoding=\"async\" src=\"https:\/\/nystromtrading.fi\/wp-content\/uploads\/2021\/12\/Superfit-Logo-digital-jpg-1024x468.jpg\" alt=\"\" class=\"wp-image-139\" width=\"361\" height=\"166\" srcset=\"https:\/\/nystromtrading.fi\/wp-content\/uploads\/2021\/12\/Superfit-Logo-digital-jpg-1024x468.jpg 1024w, https:\/\/nystromtrading.fi\/wp-content\/uploads\/2021\/12\/Superfit-Logo-digital-jpg-300x137.jpg 300w, https:\/\/nystromtrading.fi\/wp-content\/uploads\/2021\/12\/Superfit-Logo-digital-jpg-768x351.jpg 768w, https:\/\/nystromtrading.fi\/wp-content\/uploads\/2021\/12\/Superfit-Logo-digital-jpg-1536x702.jpg 1536w, https:\/\/nystromtrading.fi\/wp-content\/uploads\/2021\/12\/Superfit-Logo-digital-jpg-2048x935.jpg 2048w\" sizes=\"auto, (max-width: 361px) 100vw, 361px\" \/><figcaption>Markkinoiden johtavan lastenkenk\u00e4merkin, Superfitin, p\u00e4\u00e4m\u00e4\u00e4r\u00e4 on kehitt\u00e4\u00e4, valmistaa ja tuottaa parhaat lastenkeng\u00e4t. Superfit sai alkunsa noin 40 vuotta sitten lastenl\u00e4\u00e4k\u00e4reiden ja ortopedien tiiviiss\u00e4 yhteisty\u00f6ss\u00e4. Siit\u00e4 l\u00e4htien t\u00e4m\u00e4n yhteisty\u00f6n tulokset ovat n\u00e4kyneet Superfit lastenkenkien kehityksess\u00e4. Superfit keng\u00e4t suunnitellaan ja valmistetaan It\u00e4vallassa, Grazissa ja kenki\u00e4 testataan s\u00e4\u00e4nn\u00f6llisesti. 98 % l\u00e4\u00e4k\u00e4reist\u00e4 a ortopedeist\u00e4 antaa Superfit kengille erinomaisen arvosanan.<br>Superfit mallistoa myyd\u00e4\u00e4n kokoryhm\u00e4ss\u00e4 18-43.<\/figcaption><\/figure>\n<\/div>\n\n<div class=\"wp-block-image\">\n<figure class=\"aligncenter size-large\"><img loading=\"lazy\" decoding=\"async\" width=\"250\" height=\"144\" src=\"https:\/\/nystromtrading.datalatu.fi\/wp-content\/uploads\/2021\/02\/nimeton.png\" alt=\"\" class=\"wp-image-31\"\/><figcaption>Scholl \u2013 100 vuotta tietoa ja taitoa. Scholl terveysjalkineet naisille ja miehille. Meill\u00e4 on suuri valikoima ihania terveysjalkineita sek\u00e4 ulko-, ett\u00e4 sis\u00e4k\u00e4ytt\u00f6\u00f6n.<\/figcaption><\/figure>\n<\/div><\/div>\n\n\n\n<div class=\"wp-block-column is-layout-flow wp-block-column-is-layout-flow\" style=\"flex-basis:150px\">\n<div style=\"height:171px\" aria-hidden=\"true\" class=\"wp-block-spacer\"><\/div>\n\n\n\n<div class=\"wp-block-group\"><div class=\"wp-block-group__inner-container is-layout-flow wp-block-group-is-layout-flow\"><\/div><\/div>\n\n\n\n<figure class=\"wp-block-image size-full\"><img loading=\"lazy\" decoding=\"async\" width=\"209\" height=\"300\" id=\"suomenvahvimmat-yrityslogo\" ytunnus=\"26452531\" title=\"Lis\u00e4tietoja klikkaamalla\" style=\"cursor:pointer;\" src=\"https:\/\/nystromtrading.fi\/wp-content\/uploads\/2022\/09\/SV_LOGO_Nystrom_Trading_Oy_FI_424302_web.jpg\" alt=\"\" class=\"wp-image-160\"\/><\/figure>\n<script src=\"https:\/\/www.asiakastieto.fi\/resources\/yrityslogo\/showinfo.js\"><\/script>\n\n\n\n<figure class=\"wp-block-image size-full\"><img decoding=\"async\"  src=\"https:\/\/nystromtrading.fi\/wp-content\/uploads\/2022\/09\/SV_LOGO_Nystrom_Trading_Oy_EN_424302_web.jpg\" alt=\"\" class=\"wp-image-160\"\/><\/figure>\n\n\n\n<div class=\"wp-block-group\"><div class=\"wp-block-group__inner-container is-layout-flow wp-block-group-is-layout-flow\"><\/div><\/div>\n<\/div>\n\n\n\n<div class=\"wp-block-column is-layout-flow wp-block-column-is-layout-flow\"><div class=\"wp-block-image\">\n<figure class=\"aligncenter size-large is-resized\"><img loading=\"lazy\" decoding=\"async\" src=\"https:\/\/nystromtrading.fi\/wp-content\/uploads\/2021\/12\/Logo_Blue-digital-ilman-tekstia\u0308-jpg-1024x406.jpg\" alt=\"\" class=\"wp-image-141\" width=\"372\" height=\"145\"\/><figcaption><br>T\u00e4m\u00e4 ajatus on siivitt\u00e4nyt it\u00e4valtalaisen kenk\u00e4merkin Grazista menestykseen. LEGeRO on pioneeri kevyiden kenkien valmistusteknologiassa, ja valtaosa valikoimasta valmistetaan sen omissa tehtaissa. Innovatiivinen muotoilu ja kevyiden valmistusaineiden k\u00e4ytt\u00f6 jatkavat laadukkaan tuotannon perinnett\u00e4. Jalkojeni lempikeng\u00e4t. Legero on perustettu vuonna 1872.<br><br>Naisten malleja valmistetaan ko\u2019oissa G ja H ja miesten malleja koossa H.<\/figcaption><\/figure>\n<\/div>\n\n<div class=\"wp-block-image\">\n<figure class=\"aligncenter size-large is-resized\"><img loading=\"lazy\" decoding=\"async\" src=\"https:\/\/nystromtrading.datalatu.fi\/wp-content\/uploads\/2021\/02\/Eskimo-logo-black-002-1-300x66-1.png\" alt=\"\" class=\"wp-image-29\" width=\"300\" height=\"66\"\/><figcaption>Mokkaiset talvikeng\u00e4t nastoilla tai pitopohjalla. Valikoima sek\u00e4 naisille ett\u00e4 miehille. TPR -kumipohja ja irrotettava sis\u00e4pohjallinen. Tilava lesti ja Ihana l\u00e4mmin vuori. Saatavana koissa 36-46. Valmiit lajitelmat.<\/figcaption><\/figure>\n<\/div><\/div>\n<\/div>\n","protected":false},"excerpt":{"rendered":"","protected":false},"author":1,"featured_media":0,"parent":0,"menu_order":0,"comment_status":"closed","ping_status":"closed","template":"","meta":{"footnotes":""},"class_list":["post-5","page","type-page","status-publish","hentry"],"_links":{"self":[{"href":"https:\/\/nystromtrading.fi\/index.php?rest_route=\/wp\/v2\/pages\/5","targetHints":{"allow":["GET"]}}],"collection":[{"href":"https:\/\/nystromtrading.fi\/index.php?rest_route=\/wp\/v2\/pages"}],"about":[{"href":"https:\/\/nystromtrading.fi\/index.php?rest_route=\/wp\/v2\/types\/page"}],"author":[{"embeddable":true,"href":"https:\/\/nystromtrading.fi\/index.php?rest_route=\/wp\/v2\/users\/1"}],"replies":[{"embeddable":true,"href":"https:\/\/nystromtrading.fi\/index.php?rest_route=%2Fwp%2Fv2%2Fcomments&post=5"}],"version-history":[{"count":19,"href":"https:\/\/nystromtrading.fi\/index.php?rest_route=\/wp\/v2\/pages\/5\/revisions"}],"predecessor-version":[{"id":168,"href":"https:\/\/nystromtrading.fi\/index.php?rest_route=\/wp\/v2\/pages\/5\/revisions\/168"}],"wp:attachment":[{"href":"https:\/\/nystromtrading.fi\/index.php?rest_route=%2Fwp%2Fv2%2Fmedia&parent=5"}],"curies":[{"name":"wp","href":"https:\/\/api.w.org\/{rel}","templated":true}]}}