{"id":37,"date":"2021-02-11T16:05:38","date_gmt":"2021-02-11T14:05:38","guid":{"rendered":"https:\/\/172.16.78.101\/?page_id=37"},"modified":"2021-12-16T10:49:46","modified_gmt":"2021-12-16T08:49:46","slug":"tietoa-meista","status":"publish","type":"page","link":"https:\/\/nystromtrading.fi\/?page_id=37","title":{"rendered":"Tietoa meist\u00e4"},"content":{"rendered":"\n<figure class=\"wp-block-image size-large is-resized is-style-default\"><img loading=\"lazy\" decoding=\"async\" src=\"https:\/\/nystromtrading.fi\/wp-content\/uploads\/2021\/12\/Fashion-Center-1024x416.jpg\" alt=\"\" class=\"wp-image-136\" width=\"1021\" height=\"414\" srcset=\"https:\/\/nystromtrading.fi\/wp-content\/uploads\/2021\/12\/Fashion-Center-1024x416.jpg 1024w, https:\/\/nystromtrading.fi\/wp-content\/uploads\/2021\/12\/Fashion-Center-300x122.jpg 300w, https:\/\/nystromtrading.fi\/wp-content\/uploads\/2021\/12\/Fashion-Center-768x312.jpg 768w, https:\/\/nystromtrading.fi\/wp-content\/uploads\/2021\/12\/Fashion-Center-1536x624.jpg 1536w, https:\/\/nystromtrading.fi\/wp-content\/uploads\/2021\/12\/Fashion-Center.jpg 1699w\" sizes=\"auto, (max-width: 1021px) 100vw, 1021px\" \/><\/figure>\n\n\n\n<p><strong>Nystr\u00f6m Trading Oy<\/strong><\/p>\n\n\n\n<p id=\"laatikko\">Nystr\u00f6m Trading Oy on suomalainen jalkine myyntiagentuuri. Edustamme tunnettuja ja laadukkaita jalkinemerkkej\u00e4 koko perheelle.<br>Alueemme on Suomi, Eesti ja Latvia.<\/p>\n\n\n\n<p>Olemme toimineet vuodesta 1999 ja v\u00e4lit\u00e4mme tuotteita tavarataloille, ketjuille ja itsen\u00e4isille v\u00e4hitt\u00e4iskaupoille.<\/p>\n\n\n\n<p>Toimintamme edellytys on se, ett\u00e4 asiakkaamme ovat tyytyv\u00e4isi\u00e4 sek\u00e4 tuotteisiimme, ett\u00e4 palveluumme. Olemme luotettava partneri jonka kanssa Sinun on hyv\u00e4 rakentaa tulevaisuuttasi jalkinealalla.<\/p>\n\n\n\n<iframe src=\"https:\/\/www.google.com\/maps\/embed?pb=!1m18!1m12!1m3!1d1977.0688904338074!2d24.844351416401018!3d60.29539038200724!2m3!1f0!2f0!3f0!3m2!1i1024!2i768!4f13.1!3m3!1m2!1s0x468df7642510fa29%3A0x99f7a1c5c6ae543d!2sFashion%20Center%20Finland!5e0!3m2!1sfi!2sfi!4v1639644402055!5m2!1sfi!2sfi\" width=\"600\" height=\"450\" style=\"border:0;\" allowfullscreen=\"\" loading=\"lazy\"><\/iframe>\n\n\n\n<p><strong>Yhteystiedot<\/strong><\/p>\n\n\n\n<p>Fashion Center<br>H\u00e4rk\u00e4haankuja 14<br>01730 Vantaa<br><\/p>\n\n\n\n<p>+358 9 2600 680 (toimisto)<\/p>\n\n\n\n<p>+358 50 5747 180 (Monika Nystr\u00f6m)<\/p>\n","protected":false},"excerpt":{"rendered":"<p>Nystr\u00f6m Trading Oy Nystr\u00f6m Trading Oy on suomalainen jalkine myyntiagentuuri. Edustamme tunnettuja ja laadukkaita jalkinemerkkej\u00e4 koko perheelle.Alueemme on Suomi, Eesti ja Latvia. Olemme toimineet vuodesta&hellip;<\/p>\n","protected":false},"author":1,"featured_media":0,"parent":0,"menu_order":0,"comment_status":"closed","ping_status":"closed","template":"","meta":{"footnotes":""},"class_list":["post-37","page","type-page","status-publish","hentry"],"_links":{"self":[{"href":"https:\/\/nystromtrading.fi\/index.php?rest_route=\/wp\/v2\/pages\/37","targetHints":{"allow":["GET"]}}],"collection":[{"href":"https:\/\/nystromtrading.fi\/index.php?rest_route=\/wp\/v2\/pages"}],"about":[{"href":"https:\/\/nystromtrading.fi\/index.php?rest_route=\/wp\/v2\/types\/page"}],"author":[{"embeddable":true,"href":"https:\/\/nystromtrading.fi\/index.php?rest_route=\/wp\/v2\/users\/1"}],"replies":[{"embeddable":true,"href":"https:\/\/nystromtrading.fi\/index.php?rest_route=%2Fwp%2Fv2%2Fcomments&post=37"}],"version-history":[{"count":6,"href":"https:\/\/nystromtrading.fi\/index.php?rest_route=\/wp\/v2\/pages\/37\/revisions"}],"predecessor-version":[{"id":137,"href":"https:\/\/nystromtrading.fi\/index.php?rest_route=\/wp\/v2\/pages\/37\/revisions\/137"}],"wp:attachment":[{"href":"https:\/\/nystromtrading.fi\/index.php?rest_route=%2Fwp%2Fv2%2Fmedia&parent=37"}],"curies":[{"name":"wp","href":"https:\/\/api.w.org\/{rel}","templated":true}]}}